{"id":97,"date":"2017-07-21T09:05:33","date_gmt":"2017-07-21T09:05:33","guid":{"rendered":"http:\/\/wp.gestreift.eu\/?page_id=97"},"modified":"2022-01-24T16:38:29","modified_gmt":"2022-01-24T16:38:29","slug":"ernaehrung","status":"publish","type":"page","link":"https:\/\/gestreift.info\/?page_id=97","title":{"rendered":"Ern\u00e4hrung"},"content":{"rendered":"<p>Das Sibirische Streifenh\u00f6rnchen geh\u00f6rt zu den Tieren, die eine sehr breite Ern\u00e4hrungsgrundlage, sowohl auf pflanzlicher Basis als auch mit tierischem Eiwei\u00df ben\u00f6tigen.<\/p>\n<h4>1. Equipment, Ausstattung<\/h4>\n<p>Bew\u00e4hrt haben sich Futtersch\u00fcsseln aus Edelstahl oder Keramik. Kunststoffe werden leicht angenagt und die Splitter k\u00f6nnen zu Verletzungen f\u00fchren.<br \/>\nDas Grundfutter sowie die N\u00fcsse am Boden des Geheges verteilen, damit wird das Tier mit der Futtersuche besch\u00e4ftigt. Wasser und Obst sollte in jeweils einem Napf angeboten werden.<\/p>\n<h4>2. Grundfutter<a name=\"grundfutter\"><\/a><\/h4>\n<p>Das Grundfutter sollte abwechslungsreich sein um dem Tier zum einen eine m\u00f6glichst breite Versorgung mit N\u00e4hrstoffen zukommen zu lassen und dem Umstand Rechnung tragen, dass die Streifenh\u00f6rnchen sehr wohl verschiedene Geschm\u00e4cker haben und auch \u00f6fters ihre Vorlieben wechseln.<\/p>\n<p>Inhalt: Sonnenblumen wei\u00df, Sonnenblumen gestreift, Kardi, Dari, Buchweizen, Mariendistel, Hanf, K\u00fcrbiskerne, Melonenkerne, versch. Baumsaaten, Hagebuttenkerne, Haferkerne, Weizen, Kanariensaat, Silberhirse, Hafer, Milokorn, Wicken, Paddy-Reis, Mungobohnen, Azukibohnen, versch. getrockneten Fr\u00fcchte, Berberitze, Sternanis, Pinienkerne, Glanz, Fichtensamen.<br \/>\nEin leicht geh\u00e4ufter Essl\u00f6ffel pro Tag ist ausreichend, im Herbst darf es auch ein wenig mehr sein damit das Tier seinem Sammeltrieb nachkommen kann.<\/p>\n<p><strong>Besonders empfehlenswerte Grundfutter:<\/strong><\/p>\n<p><a href=\"https:\/\/ricos-futterkiste.eu\/variationen-fur-streifenhornchen-und-papageien-fbh.html\" target=\"_blank\" rel=\"noopener\">Streifenh\u00f6rnchen Variationen von Ricos Futterkiste<\/a><\/p>\n<p><a href=\"https:\/\/ricos-futterkiste.eu\/graupapagei-spezial-2-fgr2.html\" target=\"_blank\" rel=\"noopener\">Graupapageien Spezial 2 von Ricos Futterkiste<\/a><\/p>\n<p><a href=\"https:\/\/www.futterkraemerei.com\/Spezielles-fuer-Hoernchen\/Futtermischung-fuer-Hoernchen--179.html\" target=\"_blank\" rel=\"noopener\">Futtermischung f\u00fcr H\u00f6rnchen von der Futterkr\u00e4merei<\/a><\/p>\n<p><img loading=\"lazy\" class=\"alignnone wp-image-411 size-large\" src=\"http:\/\/gestreift.info\/wp-content\/uploads\/2022\/01\/Foto-01.05.19-10-16-00-1024x575.jpg\" alt=\"\" width=\"660\" height=\"371\" srcset=\"https:\/\/gestreift.info\/wp-content\/uploads\/2022\/01\/Foto-01.05.19-10-16-00-1024x575.jpg 1024w, https:\/\/gestreift.info\/wp-content\/uploads\/2022\/01\/Foto-01.05.19-10-16-00-300x169.jpg 300w, https:\/\/gestreift.info\/wp-content\/uploads\/2022\/01\/Foto-01.05.19-10-16-00-768x431.jpg 768w, https:\/\/gestreift.info\/wp-content\/uploads\/2022\/01\/Foto-01.05.19-10-16-00-1536x863.jpg 1536w, https:\/\/gestreift.info\/wp-content\/uploads\/2022\/01\/Foto-01.05.19-10-16-00-2048x1150.jpg 2048w\" sizes=\"(max-width: 660px) 100vw, 660px\" \/><\/p>\n<h4>3. Zusatzfutter<a name=\"zusatzfutter\"><\/a><\/h4>\n<p><strong>Pflanzliche Produkte:<\/strong><br \/>\nStreifenh\u00f6rnchen sollten jeden Tag frisches Obst zur Verf\u00fcgung haben, einige fressen auch Gem\u00fcse wie Gurke oder M\u00f6hre.<br \/>\nApfel, Zwetschge, Pflaume,\u00a0Banane,\u00a0Kiwi, Erdbeere, kernlose Trauben, Granatapfel, Mandarine, Heidelbeere, Himbeere, Brombeere, Melone, Granatapfel und Mango werden gerne genommen.<br \/>\nBei Steinobst bitte die Steine entfernen da diese in geringem Ma\u00dfe Blaus\u00e4ure enthalten k\u00f6nnen (z.B. Kirsche).<br \/>\nZur Verabreichung von Medikamenten in Tropfenform oder als Globuli (kleine Pillen) haben sich halbierte Trauben sehr bew\u00e4hrt. Alternativ kann man Medikamente wie Antibiotika auch in einem Klecks Obst-Babybrei vermengen.<br \/>\nHaseln\u00fcsse, Waln\u00fcsse, Pecann\u00fcsse, Cashewkerne, Pinienkerne, S\u00fc\u00df- und Krachmandeln, Erdn\u00fcsse, Maronen Eicheln, Bucheckern und Zirbeln\u00fcsse.<br \/>\nSpeziell auf die Mandel wurde nochmals unter \u201eH\u00e4ufige Fragen\u201c gesondert ausf\u00fchrlich eingegangen; die hier aufgef\u00fchrten S\u00fc\u00df- und Krachmandeln sind aber unbedenklich!<br \/>\nAlle N\u00fcsse, die das Tier selber \u00f6ffnen kann sollten mit Schale gegeben werden damit es die st\u00e4ndig nachwachsende Schneidez\u00e4hne abn\u00fctzt.<br \/>\nEs gibt Mischungen, die auch getrocknete Pilze enthalten, die die Tiere auch in freier Natur essen w\u00fcrden.<br \/>\nVon vielen Gem\u00fcsesorten ist allerdings abzuraten. Vor allem Kohlsorten und Salate f\u00fchren zumindest zu Bl\u00e4hungen. Tomaten sind in nicht ausgereiftem Zustand sogar, wie die meisten Nachtschattengew\u00e4chse, giftig. Dabei handelt es sich um ein Alkaloid, dem Solanin.<\/p>\n<p><strong>Tierische Produkte:<\/strong><br \/>\nH\u00f6rnchen ben\u00f6tigen tierisches Eiwei\u00df. Im Allgemeinen bekommen sie das \u00fcber im Handel erh\u00e4ltliche Lebendinsekten und Larven.<br \/>\nAm verbreitetsten ist die F\u00fctterung von Mehlw\u00fcrmern (ca. 3 St\u00fcck am Tag, alle 4 Tage ein Tag Pause) aber es werden auch Schwarzk\u00e4ferlarven (Zophobas) und Heimchen verf\u00fcttert. Der Panzer von Insekten enth\u00e4lt Chitin, dass im \u00dcberma\u00df verf\u00fcttert, die Leber sch\u00e4digt. Man muss dieses \u201eLebendfutter\u201c also mit Verstand und kontrolliert verf\u00fcttern. Am Besten, man nimmt die hellen, frisch geh\u00e4uteten Larven, da ist der Chitingehalt niedrig.<br \/>\nAuch sind Mehlw\u00fcrmer z.B. sehr fett.<br \/>\nAbgeraten wird wegen einer verbreiteten Laktoseunvertr\u00e4glichkeit von Milchprodukten.<\/p>\n<p>Gesamtnahrungsaufnahme: ca. 15 gr. Am Tag \u2013 10-15% des Eigengewichts. Menge bezieht sich auf ein Tier zwischen 75 und 120 gr.<\/p>\n<h4>4. Besondere Nahrung<a name=\"besonderenahrung\"><\/a><\/h4>\n<p>Hirse- und Maiskolben und frische Tannen-, L\u00e4rchen- und Kiefernzapfen oder sogar ein ge\u00f6ffneter Pinienzapfen zwingen das Tier sich l\u00e4nger mit diesen zu besch\u00e4ftigen um an das Futter zu kommen.<br \/>\nBei geschw\u00e4chten und abgemagerten Tieren, vor allem in der Krankheits- und Erholungsphase, hat sich eine Mischung von Babybrei (Getreide und Obst), gemahlenen N\u00fcssen und einem Tropfen Honig oder etwas Traubenzucker bew\u00e4hrt. Diesen Brei kann auch mit einer kleinen Spritze direkt in das Maul gegeben werden.<\/p>\n<h4>5. Fl\u00fcssigkeitsversorgung<a name=\"fl\u00fcssigkeit\"><\/a><\/h4>\n<p>M\u00f6glichst t\u00e4glich frisches Wasser in einem Napf.<br \/>\nVorsicht: Die Tiere scheinen nach unserer Beobachtung einen Hang zu abgestandenem Wasser (Gie\u00dfkannen, Luftbefeuchter, Pflanzenuntersetzer) zu haben. Daher beim Freilauf unzug\u00e4nglich f\u00fcr das Streifenh\u00f6rnchen aufbewahren.<\/p>\n<p>Gesamtwasserbedarf: 10 bis 20 ml Wasser\/Tag. Menge bezieht sich auf ein Tier zwischen 75 und 120 gr.<\/p>\n<h4>6. Das ist nix!<a name=\"nix\"><\/a><\/h4>\n<p>Wie viele anderen Nager reagieren Streifenh\u00f6rnchen auf eine zu hohe Zufuhr von Zucker mit Diabetes. Auch wenn sie es gerne fressen \u2013 Schokolade, Nutella, gezuckerte Eier- und Mehlspeisen, Joghurt und Bonbons haben auf dem Speiseplan nichts verloren.<br \/>\nErw\u00e4hnt wurden schon die Milchprodukte. Viele Tiere vertragen keine Milchprodukte, diese Unvertr\u00e4glichkeit ist weitaus weiter verbreitet wie z.B. beim Menschen.<\/p>\n<p><a href=\"#\">nach oben<\/a><\/p>\n","protected":false},"excerpt":{"rendered":"<p>Das Sibirische Streifenh\u00f6rnchen geh\u00f6rt zu den Tieren, die eine sehr breite Ern\u00e4hrungsgrundlage, sowohl auf pflanzlicher Basis als auch mit tierischem Eiwei\u00df ben\u00f6tigen. 1. Equipment, Ausstattung Bew\u00e4hrt haben sich Futtersch\u00fcsseln aus Edelstahl oder Keramik. Kunststoffe werden leicht angenagt und die Splitter k\u00f6nnen zu Verletzungen f\u00fchren. Das Grundfutter sowie die N\u00fcsse am Boden des Geheges verteilen, damit &hellip; <a href=\"https:\/\/gestreift.info\/?page_id=97\" class=\"more-link\"><span class=\"screen-reader-text\">Ern\u00e4hrung<\/span> weiterlesen<\/a><\/p>\n","protected":false},"author":1,"featured_media":14,"parent":0,"menu_order":0,"comment_status":"closed","ping_status":"closed","template":"","meta":[],"_links":{"self":[{"href":"https:\/\/gestreift.info\/index.php?rest_route=\/wp\/v2\/pages\/97"}],"collection":[{"href":"https:\/\/gestreift.info\/index.php?rest_route=\/wp\/v2\/pages"}],"about":[{"href":"https:\/\/gestreift.info\/index.php?rest_route=\/wp\/v2\/types\/page"}],"author":[{"embeddable":true,"href":"https:\/\/gestreift.info\/index.php?rest_route=\/wp\/v2\/users\/1"}],"replies":[{"embeddable":true,"href":"https:\/\/gestreift.info\/index.php?rest_route=%2Fwp%2Fv2%2Fcomments&post=97"}],"version-history":[{"count":13,"href":"https:\/\/gestreift.info\/index.php?rest_route=\/wp\/v2\/pages\/97\/revisions"}],"predecessor-version":[{"id":420,"href":"https:\/\/gestreift.info\/index.php?rest_route=\/wp\/v2\/pages\/97\/revisions\/420"}],"wp:featuredmedia":[{"embeddable":true,"href":"https:\/\/gestreift.info\/index.php?rest_route=\/wp\/v2\/media\/14"}],"wp:attachment":[{"href":"https:\/\/gestreift.info\/index.php?rest_route=%2Fwp%2Fv2%2Fmedia&parent=97"}],"curies":[{"name":"wp","href":"https:\/\/api.w.org\/{rel}","templated":true}]}}