{"id":368,"date":"2022-01-23T14:47:05","date_gmt":"2022-01-23T14:47:05","guid":{"rendered":"https:\/\/gestreift.info\/?page_id=368"},"modified":"2022-01-24T16:29:27","modified_gmt":"2022-01-24T16:29:27","slug":"allgemeines-tamias-striatus","status":"publish","type":"page","link":"https:\/\/gestreift.info\/?page_id=368","title":{"rendered":"Allgemeines &#8211; Tamias Striatus"},"content":{"rendered":"\n<h4>1. Zoologische Zuordnung und Historie<\/h4>\n\n\n\n<h5>1.1. Stammbaum und Namen:<\/h5>\n\n\n\n<p><em><strong>Gruppe:<\/strong>&nbsp;Nagetiere (Rodentia)<\/em><br><em><strong>Untergruppe:<\/strong>&nbsp;H\u00f6rnchenverwandte (Sciuromorpha \u201eSchattenschl\u00e4fer\u201c)<\/em><br><em><strong>Familie:&nbsp;<\/strong>H\u00f6rnchen (Sciuridae)<\/em><br><em><strong>Unterfamilie:<\/strong> Erd- und Baumh\u00f6rnchen (Sciurinae \u2013 \u201eSchattenschwanz\u201c)<\/em><br><em><strong>Gattungsgruppe: <\/strong>Erdh\u00f6rnchen (Marmotini)<\/em><br><em>oder: Backen- oder Streifenh\u00f6rnchen (Tamiini)<\/em><br><em><strong>Gattung:<\/strong> <\/em>Streifen-Backenh\u00f6rnchen (Tamias Striatus)<br><\/p>\n\n\n\n<p><strong>Streifenbackenh\u00f6rnchen, \u00d6stlicher Chipmunk<em><br>Tamias striatus<\/em><\/strong><\/p>\n\n\n\n<p>Der \u00d6stliche Chipmunk,&nbsp;<em>Tamias striatus<\/em>, das einzige Mitglied der Familie des Tamias, ist der amerikanische Verwandte des asiatischen Streifenh\u00f6rnchens (Eutamias sibiricus). Es gibt weitere Arten von Chipmunks, die allerdings zur Gruppe der Neotamias zugerechnet werden.<br>Es unterscheidet sich dieser Chipmunk anhand seiner Bezahnung und anhand der Anzahl der Zitzen grunds\u00e4tzlich von den Eutamias und allen anderen H\u00f6rnchenarten. Er besitzt nur zwei, nicht, wie alle anderen Arten, vier vordere Backenz\u00e4hne im Oberkiefer<br>Sein Name leitet sich von seiner Laut\u00e4usserung, einem \u201eChip\u201c, \u00e4hnlich von V\u00f6geln ab.<br>Oft wird dieser Chipmunk, das Streifenbackenh\u00f6rnchen, mit dem Burunduk verwechselt oder in einen Topf geworfen, da sie sich auf den ersten fl\u00fcchtigen Blick sehr gleichen.<br>Es gibt aber auch eine Menge augenscheinlicher Unterschiede.<br>Seine Zeichnung \u00e4hnelt nur auf den ersten Blick unserem Sib. Streifenh\u00f6rnchen.<br>Das Streifenmuster ist sch\u00e4rfer in seinen Konturen, verl\u00e4uft etwas anders und unterscheidet sich auch farblich. Das Kopfmuster ist nicht durchg\u00e4ngig bis zum Schwanz sondert bildet nur eine Art Maske um die Augen. Der mittlere R\u00fcckenstrich ist d\u00fcnn und wird von der normalen Fellfarbe braun begrenzt. An den Flanken sind zwei dickere dunkle Streifen, die einen sehr hellen Streifen begrenzen.<\/p>\n\n\n\n<div class=\"wp-block-group\"><div class=\"wp-block-group__inner-container\">\n<div class=\"wp-block-columns\">\n<div class=\"wp-block-column\" style=\"flex-basis:100%\">\n<div class=\"wp-block-group\"><div class=\"wp-block-group__inner-container\">\n<figure class=\"wp-block-gallery columns-3 is-cropped\"><ul class=\"blocks-gallery-grid\"><li class=\"blocks-gallery-item\"><figure><img loading=\"lazy\" width=\"768\" height=\"1024\" src=\"http:\/\/gestreift.info\/wp-content\/uploads\/2022\/01\/IMG_20210701_181156-768x1024.jpg\" alt=\"\" data-id=\"379\" data-full-url=\"http:\/\/gestreift.info\/wp-content\/uploads\/2022\/01\/IMG_20210701_181156-scaled.jpg\" data-link=\"https:\/\/gestreift.info\/?attachment_id=379\" class=\"wp-image-379\" srcset=\"https:\/\/gestreift.info\/wp-content\/uploads\/2022\/01\/IMG_20210701_181156-768x1024.jpg 768w, https:\/\/gestreift.info\/wp-content\/uploads\/2022\/01\/IMG_20210701_181156-225x300.jpg 225w, https:\/\/gestreift.info\/wp-content\/uploads\/2022\/01\/IMG_20210701_181156-1152x1536.jpg 1152w, https:\/\/gestreift.info\/wp-content\/uploads\/2022\/01\/IMG_20210701_181156-1536x2048.jpg 1536w, https:\/\/gestreift.info\/wp-content\/uploads\/2022\/01\/IMG_20210701_181156-scaled.jpg 1920w\" sizes=\"(max-width: 768px) 100vw, 768px\" \/><figcaption class=\"blocks-gallery-item__caption\">(c) Anne Lange<\/figcaption><\/figure><\/li><li class=\"blocks-gallery-item\"><figure><img loading=\"lazy\" width=\"768\" height=\"1024\" src=\"http:\/\/gestreift.info\/wp-content\/uploads\/2022\/01\/IMG_20210802_174512_1-768x1024.jpg\" alt=\"\" data-id=\"381\" data-full-url=\"http:\/\/gestreift.info\/wp-content\/uploads\/2022\/01\/IMG_20210802_174512_1-scaled.jpg\" data-link=\"https:\/\/gestreift.info\/?attachment_id=381\" class=\"wp-image-381\" srcset=\"https:\/\/gestreift.info\/wp-content\/uploads\/2022\/01\/IMG_20210802_174512_1-768x1024.jpg 768w, https:\/\/gestreift.info\/wp-content\/uploads\/2022\/01\/IMG_20210802_174512_1-225x300.jpg 225w, https:\/\/gestreift.info\/wp-content\/uploads\/2022\/01\/IMG_20210802_174512_1-1152x1536.jpg 1152w, https:\/\/gestreift.info\/wp-content\/uploads\/2022\/01\/IMG_20210802_174512_1-1536x2048.jpg 1536w, https:\/\/gestreift.info\/wp-content\/uploads\/2022\/01\/IMG_20210802_174512_1-scaled.jpg 1920w\" sizes=\"(max-width: 768px) 100vw, 768px\" \/><figcaption class=\"blocks-gallery-item__caption\">(c) Anne Lange<\/figcaption><\/figure><\/li><li class=\"blocks-gallery-item\"><figure><img loading=\"lazy\" width=\"768\" height=\"1024\" src=\"http:\/\/gestreift.info\/wp-content\/uploads\/2022\/01\/20220122_122412-768x1024.jpg\" alt=\"\" data-id=\"403\" data-full-url=\"http:\/\/gestreift.info\/wp-content\/uploads\/2022\/01\/20220122_122412-scaled.jpg\" data-link=\"https:\/\/gestreift.info\/?attachment_id=403\" class=\"wp-image-403\" srcset=\"https:\/\/gestreift.info\/wp-content\/uploads\/2022\/01\/20220122_122412-768x1024.jpg 768w, https:\/\/gestreift.info\/wp-content\/uploads\/2022\/01\/20220122_122412-225x300.jpg 225w, https:\/\/gestreift.info\/wp-content\/uploads\/2022\/01\/20220122_122412-1152x1536.jpg 1152w, https:\/\/gestreift.info\/wp-content\/uploads\/2022\/01\/20220122_122412-1536x2048.jpg 1536w, https:\/\/gestreift.info\/wp-content\/uploads\/2022\/01\/20220122_122412-scaled.jpg 1920w\" sizes=\"(max-width: 768px) 100vw, 768px\" \/><figcaption class=\"blocks-gallery-item__caption\">(c) Antonia<\/figcaption><\/figure><\/li><li class=\"blocks-gallery-item\"><figure><img loading=\"lazy\" width=\"1024\" height=\"1024\" src=\"http:\/\/gestreift.info\/wp-content\/uploads\/2022\/01\/IMG_20210410_135149_127-1024x1024.jpg\" alt=\"\" data-id=\"384\" data-full-url=\"http:\/\/gestreift.info\/wp-content\/uploads\/2022\/01\/IMG_20210410_135149_127.jpg\" data-link=\"https:\/\/gestreift.info\/?attachment_id=384\" class=\"wp-image-384\" srcset=\"https:\/\/gestreift.info\/wp-content\/uploads\/2022\/01\/IMG_20210410_135149_127-1024x1024.jpg 1024w, https:\/\/gestreift.info\/wp-content\/uploads\/2022\/01\/IMG_20210410_135149_127-300x300.jpg 300w, https:\/\/gestreift.info\/wp-content\/uploads\/2022\/01\/IMG_20210410_135149_127-150x150.jpg 150w, https:\/\/gestreift.info\/wp-content\/uploads\/2022\/01\/IMG_20210410_135149_127-768x768.jpg 768w, https:\/\/gestreift.info\/wp-content\/uploads\/2022\/01\/IMG_20210410_135149_127-1536x1536.jpg 1536w, https:\/\/gestreift.info\/wp-content\/uploads\/2022\/01\/IMG_20210410_135149_127.jpg 1834w\" sizes=\"(max-width: 1024px) 100vw, 1024px\" \/><figcaption class=\"blocks-gallery-item__caption\">(c) Anna Wendel<\/figcaption><\/figure><\/li><li class=\"blocks-gallery-item\"><figure><img loading=\"lazy\" width=\"768\" height=\"1024\" src=\"http:\/\/gestreift.info\/wp-content\/uploads\/2022\/01\/20211211_094619-768x1024.jpg\" alt=\"\" data-id=\"402\" data-full-url=\"http:\/\/gestreift.info\/wp-content\/uploads\/2022\/01\/20211211_094619-scaled.jpg\" data-link=\"https:\/\/gestreift.info\/?attachment_id=402\" class=\"wp-image-402\" srcset=\"https:\/\/gestreift.info\/wp-content\/uploads\/2022\/01\/20211211_094619-768x1024.jpg 768w, https:\/\/gestreift.info\/wp-content\/uploads\/2022\/01\/20211211_094619-225x300.jpg 225w, https:\/\/gestreift.info\/wp-content\/uploads\/2022\/01\/20211211_094619-1152x1536.jpg 1152w, https:\/\/gestreift.info\/wp-content\/uploads\/2022\/01\/20211211_094619-1536x2048.jpg 1536w, https:\/\/gestreift.info\/wp-content\/uploads\/2022\/01\/20211211_094619-scaled.jpg 1920w\" sizes=\"(max-width: 768px) 100vw, 768px\" \/><figcaption class=\"blocks-gallery-item__caption\">(c) Antonia<\/figcaption><\/figure><\/li><\/ul><\/figure>\n<\/div><\/div>\n<\/div>\n<\/div>\n<\/div><\/div>\n\n\n\n<p><br>Von seinen Lebensgewohnheiten \u00e4hnelt der Eastern Chipmunk allerdings unserem Streifenh\u00f6rnchen wieder sehr. Er ist ebenfalls ein Erdbewohner mit guten Klettereigenschaften, das Nahrungsspektrum ist je nach Verbreitungsgebiet weitgehend gleich und auch er bevorzugt eine Lebensweise in relativ losen Kolonien mit m\u00f6glichst wenig Kontakt zum Nachbarn.<br><\/p>\n","protected":false},"excerpt":{"rendered":"<p>1. Zoologische Zuordnung und Historie 1.1. Stammbaum und Namen: Gruppe:&nbsp;Nagetiere (Rodentia)Untergruppe:&nbsp;H\u00f6rnchenverwandte (Sciuromorpha \u201eSchattenschl\u00e4fer\u201c)Familie:&nbsp;H\u00f6rnchen (Sciuridae)Unterfamilie: Erd- und Baumh\u00f6rnchen (Sciurinae \u2013 \u201eSchattenschwanz\u201c)Gattungsgruppe: Erdh\u00f6rnchen (Marmotini)oder: Backen- oder Streifenh\u00f6rnchen (Tamiini)Gattung: Streifen-Backenh\u00f6rnchen (Tamias Striatus) Streifenbackenh\u00f6rnchen, \u00d6stlicher ChipmunkTamias striatus Der \u00d6stliche Chipmunk,&nbsp;Tamias striatus, das einzige Mitglied der Familie des Tamias, ist der amerikanische Verwandte des asiatischen Streifenh\u00f6rnchens (Eutamias sibiricus). Es gibt &hellip; <a href=\"https:\/\/gestreift.info\/?page_id=368\" class=\"more-link\"><span class=\"screen-reader-text\">Allgemeines &#8211; Tamias Striatus<\/span> weiterlesen<\/a><\/p>\n","protected":false},"author":1,"featured_media":382,"parent":0,"menu_order":0,"comment_status":"closed","ping_status":"closed","template":"","meta":[],"_links":{"self":[{"href":"https:\/\/gestreift.info\/index.php?rest_route=\/wp\/v2\/pages\/368"}],"collection":[{"href":"https:\/\/gestreift.info\/index.php?rest_route=\/wp\/v2\/pages"}],"about":[{"href":"https:\/\/gestreift.info\/index.php?rest_route=\/wp\/v2\/types\/page"}],"author":[{"embeddable":true,"href":"https:\/\/gestreift.info\/index.php?rest_route=\/wp\/v2\/users\/1"}],"replies":[{"embeddable":true,"href":"https:\/\/gestreift.info\/index.php?rest_route=%2Fwp%2Fv2%2Fcomments&post=368"}],"version-history":[{"count":10,"href":"https:\/\/gestreift.info\/index.php?rest_route=\/wp\/v2\/pages\/368\/revisions"}],"predecessor-version":[{"id":414,"href":"https:\/\/gestreift.info\/index.php?rest_route=\/wp\/v2\/pages\/368\/revisions\/414"}],"wp:featuredmedia":[{"embeddable":true,"href":"https:\/\/gestreift.info\/index.php?rest_route=\/wp\/v2\/media\/382"}],"wp:attachment":[{"href":"https:\/\/gestreift.info\/index.php?rest_route=%2Fwp%2Fv2%2Fmedia&parent=368"}],"curies":[{"name":"wp","href":"https:\/\/api.w.org\/{rel}","templated":true}]}}