{"id":269,"date":"2018-08-10T17:21:08","date_gmt":"2018-08-10T17:21:08","guid":{"rendered":"http:\/\/gestreift.info\/?page_id=269"},"modified":"2022-01-24T16:52:27","modified_gmt":"2022-01-24T16:52:27","slug":"notfellchen-wo-finde-ich-ein-streifenhoernchen","status":"publish","type":"page","link":"https:\/\/gestreift.info\/?page_id=269","title":{"rendered":"Notfellchen &#8211; Wo finde ich ein Streifenh\u00f6rnchen"},"content":{"rendered":"<p><strong>Auf Facebook<\/strong><\/p>\n<p><a href=\"https:\/\/m.facebook.com\/groups\/1994943127440552\" target=\"_blank\" rel=\"noopener\">Streifenh\u00f6rnchen Vermittlung f\u00fcr Notfellchen<\/a><\/p>\n<p><strong>im Streifenh\u00f6rnchen-Welt Blog\u00a0<\/strong><\/p>\n<p><a href=\"https:\/\/streifenhoernchenwelt.blogspot.com\/\" target=\"_blank\" rel=\"noopener\">Streifi Blog<\/a><\/p>\n<p><strong>im Forum der H\u00f6rnchenvilla<\/strong><\/p>\n<p><a href=\"http:\/\/forum.hoernchenvilla.de\/index.php\/Board\/17-H\u00f6rnchenmarkt\/\" target=\"_blank\" rel=\"noopener\">Forum der H\u00f6rnchenvilla<\/a><\/p>\n<p><b>Wichtige Info:<\/b> seit 2016 steht das asiatische Streifenh\u00f6rnchen auf der Liste der invasiven Arten der EU, die Zucht ist seitdem in der EU verboten.<\/p>\n","protected":false},"excerpt":{"rendered":"<p>Auf Facebook Streifenh\u00f6rnchen Vermittlung f\u00fcr Notfellchen im Streifenh\u00f6rnchen-Welt Blog\u00a0 Streifi Blog im Forum der H\u00f6rnchenvilla Forum der H\u00f6rnchenvilla Wichtige Info: seit 2016 steht das asiatische Streifenh\u00f6rnchen auf der Liste der invasiven Arten der EU, die Zucht ist seitdem in der EU verboten.<\/p>\n","protected":false},"author":1,"featured_media":270,"parent":0,"menu_order":8,"comment_status":"closed","ping_status":"closed","template":"","meta":[],"_links":{"self":[{"href":"https:\/\/gestreift.info\/index.php?rest_route=\/wp\/v2\/pages\/269"}],"collection":[{"href":"https:\/\/gestreift.info\/index.php?rest_route=\/wp\/v2\/pages"}],"about":[{"href":"https:\/\/gestreift.info\/index.php?rest_route=\/wp\/v2\/types\/page"}],"author":[{"embeddable":true,"href":"https:\/\/gestreift.info\/index.php?rest_route=\/wp\/v2\/users\/1"}],"replies":[{"embeddable":true,"href":"https:\/\/gestreift.info\/index.php?rest_route=%2Fwp%2Fv2%2Fcomments&post=269"}],"version-history":[{"count":8,"href":"https:\/\/gestreift.info\/index.php?rest_route=\/wp\/v2\/pages\/269\/revisions"}],"predecessor-version":[{"id":427,"href":"https:\/\/gestreift.info\/index.php?rest_route=\/wp\/v2\/pages\/269\/revisions\/427"}],"wp:featuredmedia":[{"embeddable":true,"href":"https:\/\/gestreift.info\/index.php?rest_route=\/wp\/v2\/media\/270"}],"wp:attachment":[{"href":"https:\/\/gestreift.info\/index.php?rest_route=%2Fwp%2Fv2%2Fmedia&parent=269"}],"curies":[{"name":"wp","href":"https:\/\/api.w.org\/{rel}","templated":true}]}}