{"id":194,"date":"2017-08-13T12:56:48","date_gmt":"2017-08-13T12:56:48","guid":{"rendered":"http:\/\/wp.gestreift.eu\/?page_id=194"},"modified":"2017-08-13T15:50:14","modified_gmt":"2017-08-13T15:50:14","slug":"quellen","status":"publish","type":"page","link":"https:\/\/gestreift.info\/?page_id=194","title":{"rendered":"Quellen"},"content":{"rendered":"<p>\u201eMindestanforderungen an die Haltung von S\u00e4ugetieren, BGBl. II &#8211; Ausgegeben am 17. Dezember 2004 &#8211; Nr. 486\u201c, Tierhaltungsverordnung des Staates \u00d6sterreich.<br \/>\n\u201eTierschutzgesetz (TierschG) in der Fassung der Bekanntmachung vom 25. Mai 1998 (BGBL I S.1105)\u201c; Bundesrepublik Deutschland<\/p>\n<p>\u201eDas Streifenh\u00f6rnchen\u201c v. Carlo Cova, Edizioni Encia, Udine (Italien)<br \/>\n\u201eAlles \u00fcber Streifenh\u00f6rnchen\u201c v. Michael Mettler, ISBN 3-8068-1219-5<br \/>\n\u201eStreifenh\u00f6rnchen\u201c v. Otto v. Frisch, ISBN 3-7742-2038-7<br \/>\n\u201eDas Streifenh\u00f6rnchen\u201c v. Horst Schmidt, ISBN 3-7907-0418-0<br \/>\n\u201eKleins\u00e4uger im Terrarium\u201c v. Christian Ehrlich, ISBN 3-931587-79-7<br \/>\n\u201eZur\u00fcck in die Freiheit\u201c v. Tanja Nordhaus, ISBN 3-00-008941-1 (Zitat 2, Seite 66)<br \/>\n\u201eTiere \u2013 Die gro\u00dfe Bild-Enzyklop\u00e4die\u201c, DK Verlag, ISBN 3-8310-0202-9<br \/>\n\u201eGiftpflanzen in Natur und Garten\u201c v. A. Alberts u. P. Mullen, ISBN 3-440-09550-9 (Zitat 3, Seite 21)<\/p>\n<p>\u201eDas Lautgebungsverhalten Japanischer Backenh\u00f6rnchen, Tamias (Eutamias) sibiricus lineatus (Siebold, 1826)\u201c, Peter Smit<br \/>\n\u201eBeitr\u00e4ge zur Biologie des Streifenh\u00f6rnchens (Eutamias sibiricus Laxmann. 1769) auf einem Friedhof in Freiburg (S\u00fcddeutschland)\u201c, Ch. Geinitz<br \/>\n\u201eDer Rumpfdarm des Burunduk (Eutamias sibiricus, Laxm. 1769): Makroskopische und lichtmikroskopische Untersuchungen\u201c, Nieters M.; Schnorr B.; Kressin M.<br \/>\n\u201eBeobachtungen an einem ostasiatischen Backenh\u00f6rnchen (Eutamias asiaticus, Gm.) in Gefangenschaft\u201c, Wolfgang Luther, erschienen 1952<\/p>\n<p>http:\/\/www.exotische-nager.de\/streifenhoernchen.htm<br \/>\nhttp:\/\/www.zuerchertierschutz.ch\/de\/tierhaltung\/krankheiten\/streifenh.html http:\/\/www.wien.gv.at\/veterinaer\/heimtiere\/streifenhoernchen.htm<br \/>\nhttp:\/\/www.world-of-animals.de\/tierlexikon\/tierart_Streifenhoernchen.html (Zitat1)<br \/>\nhttp:\/\/www.3sat.de\/3sat.php?http:\/\/www.3sat.de\/teletips\/tierarzt\/43238<br \/>\nhttp:\/\/www.heimtiere-online.de\/main2_4_8_1.htm<br \/>\nhttp:\/\/www.3sat.de\/3sat.php?http:\/\/www.3sat.de\/nano\/news\/68298<br \/>\nhttp:\/\/science.orf.at\/science\/news\/118237<br \/>\nhttp:\/\/www.tierlobby.de\/rubriken\/Tiergarten\/nagetiere\/hoernchen.htm<br \/>\nhttp:\/\/www.das-tierlexikon.de\/hoernchen.htm<br \/>\nhttp:\/\/www.nagetiere.net\/streifi.htm<br \/>\nhttp:\/\/www.diebrain.de\/Iext-milben.html<br \/>\nhttp:\/\/www.admin.ch\/ch\/d\/sr\/922_01\/a8.html<br \/>\nhttp:\/\/www.tierschutz-tvt.de<br \/>\nhttp:\/\/www.eichhoernchen-schutz.de\/missbrauch.htm<br \/>\nhttp:\/\/www.funet.fi\/pub\/sci\/bio\/life\/mammalia\/rodentia\/sciuridae\/tamias<br \/>\nhttp:\/\/www.fr.ch\/mhn\/de\/produits\/Ecureuils\/Ecureuils.htm<br \/>\nhttp:\/\/www.vox.de\/28500_detailview.php?mainid=streifenhoernchen&#038;bereich=Tiere&#038;area=tier<br \/>\nhttps:\/\/pd700.virtualhosts.de\/~shoppcbs\/web\/beratungsseiten\/nagetiere\/hoernchen.html<br \/>\nhttp:\/\/www.frettchen-online.de\/1205.html<br \/>\nhttp:\/\/www.botanikus.de (Zitat 4, Botanicus Giftpflanzen, Diffenbachia)<br \/>\nhttp:\/\/www.vetpharm.unizh.ch\/perldocs\/index_x.htm<br \/>\nhttp:\/\/www.rattenmania.de\/Haltung\/giftigepflanzen.htm<br \/>\nhttp:\/\/www.pflanzenbuch.de\/pflanzendatenbank.php<br \/>\nhttp:\/\/www.humangenetik.mu-luebeck.de\/Media\/albinismus2.pdf<br \/>\nhttp:\/\/dermis.multimedica.de\/hebra\/albinismus.htm<br \/>\nhttp:\/\/www.tiger-online.org\/tigbib\/whitetigers\/wtiger.htm (Zitat 5, Absatz 11)<br \/>\nhttp:\/\/www.m-ww.de\/krankheiten\/infektionskrankheiten\/tularaemie.html<br \/>\nhttp:\/\/www.aktiv-fuer-tiere.de\/krank\/wuermer.htm<br \/>\nhttp:\/\/www.web-cats.net\/mucki (Zitat 7)<br \/>\nhttp:\/\/www.tierenzyklopaedie.de\/tiere\/grauhoernchen.html (Grauh\u00f6rnchen)<br \/>\nhttp:\/\/www.waldwissen.net\/themen\/waldschutz\/nagetiere\/lwf_amerikanisches_grauhoernchen_2004_DE (Grauh\u00f6rnchen)<br \/>\nhttp:\/\/www.zoo.ch\/index.php?id=831&amp;type=0&amp;uid=148&amp;gruppe= (Prevost-Sch\u00f6nh\u00f6rnchen)<br \/>\nhttp:\/\/www.gecko86.gmxhome.de\/Haustiere\/hoernchenartige\/Prevost.htm (Prevost-Sch\u00f6nh\u00f6rnchen)<br \/>\nhttp:\/\/de.wikipedia.org\/wiki\/Backenh%C3%B6rnchen (Chipmunks)<br \/>\nhttp:\/\/www.tierenzyklopaedie.de\/tiere\/assapan.html (Assapans)<br \/>\nhttp:\/\/phelsuma.de\/front_content.php?idcat=115 (Sugar Glider)<\/p>\n<p><a href=\"#\">nach oben<\/a><\/p>\n","protected":false},"excerpt":{"rendered":"<p>\u201eMindestanforderungen an die Haltung von S\u00e4ugetieren, BGBl. II &#8211; Ausgegeben am 17. Dezember 2004 &#8211; Nr. 486\u201c, Tierhaltungsverordnung des Staates \u00d6sterreich. \u201eTierschutzgesetz (TierschG) in der Fassung der Bekanntmachung vom 25. Mai 1998 (BGBL I S.1105)\u201c; Bundesrepublik Deutschland \u201eDas Streifenh\u00f6rnchen\u201c v. Carlo Cova, Edizioni Encia, Udine (Italien) \u201eAlles \u00fcber Streifenh\u00f6rnchen\u201c v. Michael Mettler, ISBN 3-8068-1219-5 \u201eStreifenh\u00f6rnchen\u201c &hellip; <a href=\"https:\/\/gestreift.info\/?page_id=194\" class=\"more-link\"><span class=\"screen-reader-text\">Quellen<\/span> weiterlesen<\/a><\/p>\n","protected":false},"author":1,"featured_media":0,"parent":0,"menu_order":0,"comment_status":"closed","ping_status":"closed","template":"","meta":[],"_links":{"self":[{"href":"https:\/\/gestreift.info\/index.php?rest_route=\/wp\/v2\/pages\/194"}],"collection":[{"href":"https:\/\/gestreift.info\/index.php?rest_route=\/wp\/v2\/pages"}],"about":[{"href":"https:\/\/gestreift.info\/index.php?rest_route=\/wp\/v2\/types\/page"}],"author":[{"embeddable":true,"href":"https:\/\/gestreift.info\/index.php?rest_route=\/wp\/v2\/users\/1"}],"replies":[{"embeddable":true,"href":"https:\/\/gestreift.info\/index.php?rest_route=%2Fwp%2Fv2%2Fcomments&post=194"}],"version-history":[{"count":3,"href":"https:\/\/gestreift.info\/index.php?rest_route=\/wp\/v2\/pages\/194\/revisions"}],"predecessor-version":[{"id":240,"href":"https:\/\/gestreift.info\/index.php?rest_route=\/wp\/v2\/pages\/194\/revisions\/240"}],"wp:attachment":[{"href":"https:\/\/gestreift.info\/index.php?rest_route=%2Fwp%2Fv2%2Fmedia&parent=194"}],"curies":[{"name":"wp","href":"https:\/\/api.w.org\/{rel}","templated":true}]}}