{"id":100,"date":"2017-07-24T16:23:00","date_gmt":"2017-07-24T16:23:00","guid":{"rendered":"http:\/\/wp.gestreift.eu\/?page_id=100"},"modified":"2022-01-23T16:21:07","modified_gmt":"2022-01-23T16:21:07","slug":"erste-hilfe","status":"publish","type":"page","link":"https:\/\/gestreift.info\/?page_id=100","title":{"rendered":"Erste Hilfe"},"content":{"rendered":"<p>Bevor ihr weiter lest, bitte beachten:<\/p>\n<h3>Wichtig!<\/h3>\n<p>Diese Seite ist kein Ersatz f\u00fcr einen Besuch bei einem Tierarzt!<br \/>\nEs sollen hier nur:<\/p>\n<ul>\n<li>Vorbeugende Empfehlungen &#8230;<\/li>\n<li>Hilfe bei kleineren Verletzungen und harmloseren gesundheitlichen St\u00f6rungen&#8230;<\/li>\n<li>und Erste Hilfe (bis zum n\u00e4chst m\u00f6glichen Besuch beim Tierarzt)&#8230;<br \/>\n&#8230; gegeben werden.<br \/>\nEine \u00e4rztliche Beratung ist uns nicht nur unm\u00f6glich, sie w\u00e4re auch unzul\u00e4ssig.<br \/>\nWir bitten Euch eindringlich dieses zu beherzigen!<\/li>\n<\/ul>\n<p>1. Allgemeine Hinweise:<\/p>\n<p>Bei schwerwiegenden Erkrankungen und\/oder Symptomen, die entweder keine genaueren R\u00fcckschl\u00fcsse auf die Ursache zulassen oder auf eine gef\u00e4hrliche Situation hinweisen ist ein Besuch beim Tierarzt unabdingbar. Solche Symptome sind;<\/p>\n<p>&#8211; struppiges Fell<br \/>\n&#8211; matte Augen (gesunde Tiere haben gl\u00e4nzend schwarze Augen)<br \/>\n&#8211; unerkl\u00e4rliche Apathie<br \/>\n&#8211; Verweigerung von Futter und Wasser<br \/>\n&#8211; blutiger Urin (meist Blasenentz\u00fcndung)<br \/>\n&#8211; Durchfall<br \/>\n&#8211; auffallende Ersch\u00f6pfungszust\u00e4nde und Unsicherheit in den Bewegungen (au\u00dfer f\u00fcr begrenzte Zeit, wenn das Tier im Winter aus einer l\u00e4ngeren Ruhephase erwacht, da kann es schon mal eine halbe bis eine Std. brauchen)<\/p>\n<h4>2. Kleinere Wunden durch Bisse oder Unf\u00e4lle:<\/h4>\n<p>Bisse, Risswunden, abgerissener Schwanz, ausgerissene Kralle<br \/>\nNormalerweise haben Streifenh\u00f6rnchen gute Selbstheilungskr\u00e4fte. Sollte die Verletzung nicht stark bluten ist ein Besuch beim TA mit dem Tier eigentlich nicht notwendig. Allerdings kann man selber zum TA gehen und sich vorbeugend etwas zur Desinfektion der Wunde geben lassen. Vor allem ausgerissene Krallen neigen gerne dazu, sich zu entz\u00fcnden.<br \/>\nDagegen sind abgerissene Schw\u00e4nze eigentlich nur ein Sch\u00f6nheitsfehler, aber kein gro\u00dfes Problem f\u00fcr das Tier.<br \/>\nBiss- und Risswunden m\u00fcssen je nach Gr\u00f6\u00dfe und Tiefe unterschieden werden. Stark blutende Wunden bitte unbedingt vom TA behandeln lassen und zwar schnellstm\u00f6glich! Ist das Tier zutraulich kann auch etwas jodhaltiges Wundspray oder jodfreie Wunddesinfektion (z.B. Octenisept) in fl\u00fcssiger Form aufgetragen werden.<br \/>\nIst die Verletzung in der N\u00e4he der Augen sollte die Fl\u00fcssigkeit aufgetupft werden, ansonsten kann man die Wunde auch anspr\u00fchen.<br \/>\nVon Heilsalben ist abzuraten, da sie das Fell nur verkleben und deswegen oft gar nicht direkt an die Wunde gelangen.<br \/>\nDas Tier sollte einige Zeit im K\u00e4fig belassen werden; oft ist es ihm dort langweilig und es bewegt sich nicht so viel.<br \/>\nWegen der Entz\u00fcndungsgefahr durch den Staub des Einstreus sollte bis zur Schlie\u00dfung der Wunde das Einstreu und der Inhalt des Schlafh\u00e4uschens gegen ungef\u00e4rbte und ungebleichte Bogen von Papier-Haushaltst\u00fcchern (z.B. Zewa) ausgetauscht werden. Vor allem im H\u00e4uschen kann man das Papier ruhig mehrlagig verwenden.<br \/>\nSollte sich die Wunde trotz alledem entz\u00fcnden muss ein Tierarzt aufgesucht werden, da nur dieser die notwendige Antibiotika verschreiben und gegebenenfalls verabreichen kann! H\u00f6rnchen brauchen in diesem Fall die Unterst\u00fctzung des Tierarztes, da sie wie die meisten Nager Antibiotika nicht vertragen (Zerst\u00f6rung der Darmflora) und deswegen erg\u00e4nzend medikamentiert werden m\u00fcssen.<\/p>\n<h4>3. Prellungen, Verstauchungen, Br\u00fcche:<\/h4>\n<p>Das betrifft im Allgemeinen haupts\u00e4chlich die F\u00fc\u00dfe\/Beine. Bei zu gewagten Spr\u00fcngen oder durch Abrutschen\/ Abst\u00fcrze und durch Einklemmen kann sich ein Streifenh\u00f6rnchen auch solche Verletzungen zuziehen.<br \/>\nDas Tier schont dann auff\u00e4llig den betroffenen Lauf.<br \/>\nBei Prellungen (Traumata) und Verstauchungen sollte das Tier im K\u00e4fig verbleiben, wie bei Wunden auch.<br \/>\nBew\u00e4hrt hat sich in einem solchen Fall auch die Anwendung von Rotlicht-W\u00e4rmelampen.<br \/>\nIst ein Bruch offensichtlich, bessert sich das Bewegungsverhalten des Tieres nicht nach ein paar wenigen Tagen. Meist verschlechtert sich der Allgemeinzustand des Tieres sogar innerhalb ein kurzen Zeit. Dann ist sofort ein Tierarzt aufzusuchen. Ein Bruch ist nur durch diesen zu behandeln. Dazu muss das Tier ger\u00f6ntgt werden, was aufgrund der daf\u00fcr notwendigen Narkose ein gro\u00dfes Risiko beinhaltet. Um die \u00dcberlebenschancen zu erh\u00f6hen, sollte bei einer Verschlechterung sofort ein Tierarzt aufgesucht werden. Umso kr\u00e4ftiger das Tier, umso besser sind die Aussichten, dem Tier noch helfen zu k\u00f6nnen.<\/p>\n<h4>4. Kahle Stellen im Fell, verlorene Schwanzhaare:<\/h4>\n<p>F\u00fcr kahle Stellen im Fell kann es mehrere Ursachen geben:<br \/>\n&#8211; nat\u00fcrlicher Fellwechsel (Jahreszeit bedingt):<br \/>\nDie kahlen Stellen beginnen an den Vorderl\u00e4ufen und \u201ewandern\u201c nach hinten. Der Kopf ist davon nicht betroffen. Vor allem im Fr\u00fchjahr und im Fr\u00fchherbst. Keine Behandlung notwendig.<br \/>\n<strong>Milben, Pilze, Parasiten:<\/strong><br \/>\nSollte sich das H\u00f6rnchen auf Fl\u00e4chen mit dunkler Oberfl\u00e4che kratzen, kann man unter Umst\u00e4nden kleine weisliche Schuppen erkennen \u2013 allerdings gibt es auch Parasiten, die mit dem blo\u00dfen Auge nicht erkennbar sind.<br \/>\nWenn das Tier auf nachfolgende Grapefruitkern-Extrakt Kur oder auf Heilmittel nicht anspricht oder die kahlen Stellen sogar wachsen ist eine Begutachtung durch den Tierarzt zwingend notwendig.<br \/>\n<strong>Vitaminmangel oder \u2013\u00fcberschuss:<\/strong><br \/>\nHervorgerufen durch Zufuhr von zu viel Obst plus Vitaminpr\u00e4paraten oder durch Mangel an Vitaminen. Ein kleines St\u00fcck Obst t\u00e4glich sollte es schon sein, allerdings ist ein halber Apfel und ein Vitaminpr\u00e4parat im Trinkwasser eindeutig zu viel.<br \/>\nHier hilft in aller erster Linie nur Selbstkritik und \u00dcberpr\u00fcfung des Halterverhaltens. \u201eZu gut gemeint\u201c kann auch schlecht sein:<\/p>\n<p>Empfehlung: Zur Unterst\u00fctzung des Fellwuchses k\u00f6nnen wir Grapefruitkern-Extrakt empfehlen,<br \/>\nCa. \u20ac 7,&#8211; in jeder Apotheke. 1 Tropfen auf 50 ml Wasser t\u00e4glich \u00fcber max. 14 Tage.<\/p>\n<h4>5. Durchfall:<\/h4>\n<p>Es gibt eigentlich nur zwei Ursachen f\u00fcr das Auftreten von Durchfall, den krankheitsbedingten und den ern\u00e4hrungsbedingten Durchfall.<br \/>\nDer Kot von gesunden Tieren ist Pinienkernf\u00f6rmig, dunkelbraun, leicht feucht und wird kleiner, wenn er trocknet.<br \/>\nGegen Durchfall sollte unbedingt vorgegangen werden, da die Tiere einen sehr knapp bemessenen Wasserhaushalt haben und sich einen gr\u00f6\u00dferen Fl\u00fcssigkeitsverlust nicht leisten k\u00f6nnen \u2013 sie dehydrieren sehr schnell.<br \/>\n<strong>Krankheitsbedingter Durchfall:<\/strong><br \/>\nTritt der Durchfall mit anderen Symptomen einer Krankheit (stumpfe oder schl\u00e4frige Augen, struppiges Fell, M\u00fcdigkeit oder Ersch\u00f6pfungszust\u00e4nde, Bewegungsauff\u00e4lligkeiten, Gleichgewichtsst\u00f6rungen) auf, ist der Gang zum Tierarzt unumg\u00e4nglich.<br \/>\nZur Unterst\u00fctzung der Behandlung kann man dem Tier zus\u00e4tzlich Wasser mit Kamillentee (gefiltert!) und Zwieback-St\u00fcckchen anbieten.<br \/>\n<strong>Ern\u00e4hrungsbedingter Durchfall:<\/strong><br \/>\nHier gilt auch, dass eine Selbst\u00fcberpr\u00fcfung der Haltungs- und F\u00fctterungsbedingungen angestrebt werden sollte. Obst, welches auch beim Menschen Durchfall verursachen kann, hat bei H\u00f6rnchen meist dieselbe Wirkung. Besonders zu erw\u00e4hnen sind in diesem Zusammenhang Apfel, Pflaume und Zwetschge.<br \/>\nAuch von Gem\u00fcse ist weitgehend abzuraten, da dieses meist Bl\u00e4hungen verursacht.<\/p>\n<h4>6. Diabetes<\/h4>\n<p>Vor allem durch falsche F\u00fctterung mit zuckerhaltigen \u201eLeckerlies\u201c wird oft eine ern\u00e4hrungsbedingte Diabetes hervorgerufen.<br \/>\nEin auff\u00e4lliges Symptom ist eine \u00fcberm\u00e4\u00dfige Wasseraufnahme.<br \/>\nEine definitive Erkennung und Behandlung erfolgt einerseits \u00fcber den Tierarzt, aber auch eine sehr kritische Selbsteinsch\u00e4tzung der F\u00fctterungsgewohnheiten, meist der \u201eLeckerlies\u201c und \u201eBelohnungen\u201c, ist unabdingbar!<br \/>\nSollte das Tier \u00fcber einen auff\u00e4lligen Zeitraum ungew\u00f6hnlich viel trinken ist sofort die F\u00fctterung von zuckerhaltigen Nahrungsmitteln einzustellen und ein TA zu kontaktieren.<br \/>\nS\u00fc\u00dfigkeiten sind auf keinen Fall etwas f\u00fcr die Streifenh\u00f6rnchen.<\/p>\n<h4>7. Schnupfen, Niesen:<\/h4>\n<p>Auch hier findet man haupts\u00e4chlich zwei Ursachen.<br \/>\nZum einen vertragen Streifenh\u00f6rnchen keinen Zug. Der K\u00e4fig sollte also entweder an zwei aneinander liegenden Seiten geschlossen sein oder aber in einem zugfreien Teil des Raumes stehen. Beim Freilauf wird sich ein Tier kaum erk\u00e4lten, da es sich nicht an zugigen Stellen l\u00e4nger aufhalten w\u00fcrde.<br \/>\nIn diesem Zusammenhang sei auch erw\u00e4hnt, dass die Tiere eigentlich den Kontakt mit Wasser meiden. Sollte ein Tier durch Unachtsamkeit oder Unfall dennoch nass werden, bitte daf\u00fcr sorgen, dass es warm gehalten werden kann und schnell abtrocknet. Eine Infrarotlampe ist hier die einfachste und beste L\u00f6sung.<br \/>\nZum anderen scheinen manche Tiere gegen div. Einstreu, vor allem gegen Kleintierstreu aus Holzsp\u00e4nen eine leichte Allergie zu zeigen, die sich durch Niesen \u00e4u\u00dfert. In dem Fall sollte man einfach das Einstreu variieren. Hanfeinstreu, Maisschaben, Maisstreu, Rindenmulch, fein geh\u00e4keltes Stroh bieten Alternativen.<br \/>\nEs soll aber nicht verschwiegen werden, dass Atemwegserkrankungen und Infektionen neben Unf\u00e4llen die haupts\u00e4chliche Todesursache bei Streifenh\u00f6rnchen darstellt. Geht das Niesen oder Schnupfen \u00fcber ein gewisses Ma\u00df hinaus (ab und zu) und stellen sich Ver\u00e4nderungen im Blick, Fell oder Verhalten ein kann nur ein Tierarzt, zumeist unter Verwendung von Antibiotika, dem Tier helfen.<\/p>\n<h4>8. Unn\u00f6tige Operationen!!!!!:<\/h4>\n<p>Sterilisation, bzw. Kastration ist bei Streifenh\u00f6rnchen zum einen v\u00f6llig \u00fcberfl\u00fcssig und zum anderen sehr gef\u00e4hrlich f\u00fcr das Tier. Da Sibirische Streifenh\u00f6rnchen revierbezogene Einzelg\u00e4nger sind und deswegen auf jeden Fall einzeln gehalten werden sollten ist eine \u201eGeburtenregelung\u201c recht einfach.<br \/>\nDas meist verfolgte Ziel, n\u00e4mlich die Aggressionen im Herbst\/Winter zu unterbinden werden mit dieser Operation nicht erreicht, da diese nicht mit dem hormongesteuerten Sexualtrieb, sondern mit dem jahreszeitlich bedingten Futtersammeltrieb zusammen h\u00e4ngen.<\/p>\n<h4>9. Notfallapotheke:<\/h4>\n<p>Diese Notfallapotheke ist subjektiv und beinhaltet das, was wir f\u00fcr unsere Tiere f\u00fcr unabdingbar halte. Auch Ger\u00e4tschaften sind hier mit aufgef\u00fchrt.<\/p>\n<p>&#8211; Infrarotlampe mit Klemmfassung: das Licht einer Rotlicht- oder Infrarotlampe ist sehr warm und unterst\u00fctzt den Selbstheilungsprozess. Die Lampe sollte bei jedem erkrankten Tier eingesetzt werden und aufgrund ihrer W\u00e4rmeabstrahlung ca. 1m vom Tier aufgestellt werden. (Baumarkt, ca. 15 \u20ac komplett)<\/p>\n<p>&#8211; Rescue Remedy, auch Notfalltropfen: Es scheint ein Naturgesetz zu sein, dass Tiere immer dann erkranken, wenn kein Tierarzt unverz\u00fcglich zu erreichen ist. Mit Verabreichung dieses Medikaments gewinnt man oft ein wenig Zeit. Es ist aber kein Ersatz f\u00fcr einen Tierarztbesuch, sondern st\u00e4rkt nur vor\u00fcbergehend die Abwehrkr\u00e4fte.<\/p>\n<p>&#8211; Kamillentee (Wichtig! Muss wegen der Schwebstoffe gefiltert werden, z.B. mit einem Kaffeefilter): Kranke Tiere sollten Wasser mit Kamillentee bekommen. Hilft gegen Durchfall, Erk\u00e4ltungen und st\u00e4rkt die Widerstandsf\u00e4higkeit.<\/p>\n<p>&#8211; Babybrei: Geschw\u00e4chte und abgemagerte Tiere, vor allem in der Krankheits- und Erholungsphase k\u00f6nnen mit einer Mischung von Babybrei (Getreide und Obst), gemahlenen N\u00fcssen und einem Tropfen Honig oder etwas Traubenzucker (Dextroenergen) aufgep\u00e4ppelt werden. Dieser Brei kann auch mit einer kleinen Spritze direkt in das Maul gegeben werden.<\/p>\n<p>&#8211; Grapefruitkernextrakt: Unterst\u00fctzt das Fellwachstum und enth\u00e4lt Vitamin C. Entgiftet und entschlackt. Dosierung siehe \u201eKahle Stellen im Fell\u201c.<\/p>\n<p>&#8211; Wundspray: F\u00fcr kleinere Blessuren, z.B. f\u00fcr Wunddesinfektion &#8222;Octenisept&#8220; oder zur Heilunterst\u00fctzung &#8222;Freka-Cid Puderspray&#8220;.<br \/>\nBitte von Mund und Augen unbedingt fernhalten &#8211; immer von hinten spr\u00fchen!<br \/>\nSalben wie Bepanthen machen nur an Stellen Sinn, die nicht von Fell bedeckt sind (F\u00fc\u00dfe, speziell Sohlen, rasierte OP-N\u00e4hte), da das Fell einen gro\u00dfen Teil der Salbe absorbiert.<\/p>\n<p>&#8211; Desinfektionsspray: Bei kranken Tieren den K\u00e4fig \u00f6fter reinigen und gr\u00fcndlich desinfizieren. Auch bei Befall mit Parasiten, Milben und Pilzen. Die Desinfektion des Tieres soll \u00fcber den Tierarzt erfolgen.<\/p>\n<h4>10. Wichtiges zum Abschluss:<\/h4>\n<p>Abschlie\u00dfend noch eine Bitte: Kleinnager haben meist nur ein relativ kleines Fenster, in der eine Behandlung schwererer Erkrankungen und Verletzungen m\u00f6glich ist. Ein Anruf und\/oder Besuch beim Tierarzt ist bei beunruhigten Anzeichen immer \u201eErste Wahl&#8220;.<br \/>\nV\u00f6llig unsinnig und gef\u00e4hrlich ist eine Fragestellung diesbez\u00fcglich in einem Internet-Forum. F\u00fcr so eine Problemstellung ist das Internet zu langsam und es fehlt dem hilfsbereiten Forumsmitglied auch der augenscheinliche Eindruck, den das Tier bei Betrachtung vermittelt. Es kann einfach vom Zeitpunkt der Fragestellung bis zur Beantwortung der Frage durch ein Forumsmitglied, das sich mit dem Problem auskennt, zu viel Zeit verschwendet werden.<br \/>\nBeschreibungen sind fast immer zu ungenau und unvollst\u00e4ndig. Auch ist die Kompetenz des Ratgebenden nur schwer zu erfassen.<\/p>\n<p><a href=\"#\">nach oben<\/a><\/p>\n","protected":false},"excerpt":{"rendered":"<p>Bevor ihr weiter lest, bitte beachten: Wichtig! Diese Seite ist kein Ersatz f\u00fcr einen Besuch bei einem Tierarzt! Es sollen hier nur: Vorbeugende Empfehlungen &#8230; Hilfe bei kleineren Verletzungen und harmloseren gesundheitlichen St\u00f6rungen&#8230; und Erste Hilfe (bis zum n\u00e4chst m\u00f6glichen Besuch beim Tierarzt)&#8230; &#8230; gegeben werden. Eine \u00e4rztliche Beratung ist uns nicht nur unm\u00f6glich, sie &hellip; <a href=\"https:\/\/gestreift.info\/?page_id=100\" class=\"more-link\"><span class=\"screen-reader-text\">Erste Hilfe<\/span> weiterlesen<\/a><\/p>\n","protected":false},"author":1,"featured_media":252,"parent":0,"menu_order":0,"comment_status":"closed","ping_status":"closed","template":"","meta":[],"_links":{"self":[{"href":"https:\/\/gestreift.info\/index.php?rest_route=\/wp\/v2\/pages\/100"}],"collection":[{"href":"https:\/\/gestreift.info\/index.php?rest_route=\/wp\/v2\/pages"}],"about":[{"href":"https:\/\/gestreift.info\/index.php?rest_route=\/wp\/v2\/types\/page"}],"author":[{"embeddable":true,"href":"https:\/\/gestreift.info\/index.php?rest_route=\/wp\/v2\/users\/1"}],"replies":[{"embeddable":true,"href":"https:\/\/gestreift.info\/index.php?rest_route=%2Fwp%2Fv2%2Fcomments&post=100"}],"version-history":[{"count":7,"href":"https:\/\/gestreift.info\/index.php?rest_route=\/wp\/v2\/pages\/100\/revisions"}],"predecessor-version":[{"id":397,"href":"https:\/\/gestreift.info\/index.php?rest_route=\/wp\/v2\/pages\/100\/revisions\/397"}],"wp:featuredmedia":[{"embeddable":true,"href":"https:\/\/gestreift.info\/index.php?rest_route=\/wp\/v2\/media\/252"}],"wp:attachment":[{"href":"https:\/\/gestreift.info\/index.php?rest_route=%2Fwp%2Fv2%2Fmedia&parent=100"}],"curies":[{"name":"wp","href":"https:\/\/api.w.org\/{rel}","templated":true}]}}